{"id":170,"date":"2018-03-12T01:17:13","date_gmt":"2018-03-12T00:17:13","guid":{"rendered":"http:\/\/fire.ue.wroc.pl\/?page_id=170"},"modified":"2023-02-25T16:19:45","modified_gmt":"2023-02-25T15:19:45","slug":"dr-inz-anita-makowska","status":"publish","type":"page","link":"https:\/\/fire.ue.wroc.pl\/?page_id=170","title":{"rendered":"dr in\u017c. Anita Makowska"},"content":{"rendered":"<div id=\"pl-170\"  class=\"panel-layout\" ><div id=\"pg-170-0\"  class=\"panel-grid panel-no-style\" ><div id=\"pgc-170-0-0\"  class=\"panel-grid-cell\" ><div id=\"panel-170-0-0-0\" class=\"so-panel widget widget_sow-image panel-first-child panel-last-child\" data-index=\"0\" ><div\n\t\t\t\n\t\t\tclass=\"so-widget-sow-image so-widget-sow-image-default-8b5b6f678277-170\"\n\t\t\t\n\t\t>\n\n<div class=\"sow-image-container\">\n\t\t<img decoding=\"async\" src=\"https:\/\/fire.ue.wroc.pl\/wp-content\/uploads\/2018\/04\/jpegphoto_fab03a6a4addcb04002221942e4a03b8.jpg\" width=\"300\" height=\"447\" srcset=\"https:\/\/fire.ue.wroc.pl\/wp-content\/uploads\/2018\/04\/jpegphoto_fab03a6a4addcb04002221942e4a03b8.jpg 300w, https:\/\/fire.ue.wroc.pl\/wp-content\/uploads\/2018\/04\/jpegphoto_fab03a6a4addcb04002221942e4a03b8-201x300.jpg 201w\" sizes=\"auto, (max-width: 300px) 100vw, 300px\" alt=\"\" loading=\"lazy\" \t\tclass=\"so-widget-image\"\/>\n\t<\/div>\n\n<\/div><\/div><\/div><div id=\"pgc-170-0-1\"  class=\"panel-grid-cell\" ><div id=\"panel-170-0-1-0\" class=\"so-panel widget widget_sow-headline panel-first-child\" data-index=\"1\" ><div class=\"panel-widget-style panel-widget-style-for-170-0-1-0\" ><div\n\t\t\t\n\t\t\tclass=\"so-widget-sow-headline so-widget-sow-headline-default-180968c9f045-170\"\n\t\t\t\n\t\t><div class=\"sow-headline-container \">\n\t\t\t\t\t\t<div class=\"decoration\">\n\t\t\t\t\t\t<div class=\"decoration-inside\"><\/div>\n\t\t\t\t\t<\/div>\n\t\t\t\t\t<h6 class='sow-sub-headline'>Stanowisko:<\/h6><\/div>\n<\/div><\/div><\/div><div id=\"panel-170-0-1-1\" class=\"so-panel widget widget_sow-headline\" data-index=\"2\" ><div\n\t\t\t\n\t\t\tclass=\"so-widget-sow-headline so-widget-sow-headline-default-180968c9f045-170\"\n\t\t\t\n\t\t><div class=\"sow-headline-container \">\n\t\t\t\t\t\t<div class=\"decoration\">\n\t\t\t\t\t\t<div class=\"decoration-inside\"><\/div>\n\t\t\t\t\t<\/div>\n\t\t\t\t\t<h6 class='sow-sub-headline'>Pok\u00f3j:<\/h6><\/div>\n<\/div><\/div><div id=\"panel-170-0-1-2\" class=\"so-panel widget widget_sow-headline\" data-index=\"3\" ><div\n\t\t\t\n\t\t\tclass=\"so-widget-sow-headline so-widget-sow-headline-default-180968c9f045-170\"\n\t\t\t\n\t\t><div class=\"sow-headline-container \">\n\t\t\t\t\t\t<div class=\"decoration\">\n\t\t\t\t\t\t<div class=\"decoration-inside\"><\/div>\n\t\t\t\t\t<\/div>\n\t\t\t\t\t<h6 class='sow-sub-headline'>E-mail:<\/h6><\/div>\n<\/div><\/div><div id=\"panel-170-0-1-3\" class=\"so-panel widget widget_sow-headline\" data-index=\"4\" ><div\n\t\t\t\n\t\t\tclass=\"so-widget-sow-headline so-widget-sow-headline-default-b11a8fb43cd3-170\"\n\t\t\t\n\t\t><div class=\"sow-headline-container \">\n\t\t\t\t\t\t<div class=\"decoration\">\n\t\t\t\t\t\t<div class=\"decoration-inside\"><\/div>\n\t\t\t\t\t<\/div>\n\t\t\t\t\t<h6 class='sow-sub-headline'>Tel.:<\/h6><\/div>\n<\/div><\/div><div id=\"panel-170-0-1-4\" class=\"so-panel widget widget_sow-headline\" data-index=\"5\" ><div\n\t\t\t\n\t\t\tclass=\"so-widget-sow-headline so-widget-sow-headline-default-180968c9f045-170 so-widget-fittext-wrapper\"\n\t\t\t data-fit-text-compressor=\"0.85\"\n\t\t><div class=\"sow-headline-container \">\n\t\t\t\t\t\t<div class=\"decoration\">\n\t\t\t\t\t\t<div class=\"decoration-inside\"><\/div>\n\t\t\t\t\t<\/div>\n\t\t\t\t\t<h6 class='sow-sub-headline'>Konsultacje:<\/h6><\/div>\n<\/div><\/div><div id=\"panel-170-0-1-5\" class=\"so-panel widget widget_sow-headline panel-last-child\" data-index=\"6\" ><div\n\t\t\t\n\t\t\tclass=\"so-widget-sow-headline so-widget-sow-headline-default-180968c9f045-170 so-widget-fittext-wrapper\"\n\t\t\t data-fit-text-compressor=\"0.85\"\n\t\t><div class=\"sow-headline-container \">\n\t\t\t\t\t\t<div class=\"decoration\">\n\t\t\t\t\t\t<div class=\"decoration-inside\"><\/div>\n\t\t\t\t\t<\/div>\n\t\t\t\t\t<h6 class='sow-sub-headline'>www:<\/h6><\/div>\n<\/div><\/div><\/div><div id=\"pgc-170-0-2\"  class=\"panel-grid-cell\" ><div id=\"panel-170-0-2-0\" class=\"so-panel widget widget_sow-headline panel-first-child\" data-index=\"7\" ><div\n\t\t\t\n\t\t\tclass=\"so-widget-sow-headline so-widget-sow-headline-default-432af716751d-170\"\n\t\t\t\n\t\t><div class=\"sow-headline-container \">\n\t\t\t\t\t\t<div class=\"decoration\">\n\t\t\t\t\t\t<div class=\"decoration-inside\"><\/div>\n\t\t\t\t\t<\/div>\n\t\t\t\t\t<h6 class='sow-sub-headline'>adiunkt<\/h6><\/div>\n<\/div><\/div><div id=\"panel-170-0-2-1\" class=\"so-panel widget widget_sow-headline\" data-index=\"8\" ><div\n\t\t\t\n\t\t\tclass=\"so-widget-sow-headline so-widget-sow-headline-default-432af716751d-170\"\n\t\t\t\n\t\t><div class=\"sow-headline-container \">\n\t\t\t\t\t\t<div class=\"decoration\">\n\t\t\t\t\t\t<div class=\"decoration-inside\"><\/div>\n\t\t\t\t\t<\/div>\n\t\t\t\t\t<h6 class='sow-sub-headline'>bud. Z, pok. 422<\/h6><\/div>\n<\/div><\/div><div id=\"panel-170-0-2-2\" class=\"so-panel widget widget_sow-headline\" data-index=\"9\" ><div\n\t\t\t\n\t\t\tclass=\"so-widget-sow-headline so-widget-sow-headline-default-432af716751d-170\"\n\t\t\t\n\t\t><div class=\"sow-headline-container \">\n\t\t\t\t\t\t<div class=\"decoration\">\n\t\t\t\t\t\t<div class=\"decoration-inside\"><\/div>\n\t\t\t\t\t<\/div>\n\t\t\t\t\t<h6 class='sow-sub-headline'>anita.makowska@ue.wroc.pl<\/h6><\/div>\n<\/div><\/div><div id=\"panel-170-0-2-3\" class=\"so-panel widget widget_sow-headline\" data-index=\"10\" ><div\n\t\t\t\n\t\t\tclass=\"so-widget-sow-headline so-widget-sow-headline-default-432af716751d-170\"\n\t\t\t\n\t\t><div class=\"sow-headline-container \">\n\t\t\t\t\t\t<div class=\"decoration\">\n\t\t\t\t\t\t<div class=\"decoration-inside\"><\/div>\n\t\t\t\t\t<\/div>\n\t\t\t\t\t<h6 class='sow-sub-headline'>71 36 80 731<\/h6><\/div>\n<\/div><\/div><div id=\"panel-170-0-2-4\" class=\"so-panel widget widget_sow-headline\" data-index=\"11\" ><div\n\t\t\t\n\t\t\tclass=\"so-widget-sow-headline so-widget-sow-headline-default-432af716751d-170\"\n\t\t\t\n\t\t><div class=\"sow-headline-container \">\n\t\t\t\t\t\t<div class=\"decoration\">\n\t\t\t\t\t\t<div class=\"decoration-inside\"><\/div>\n\t\t\t\t\t<\/div>\n\t\t\t\t\t<h6 class='sow-sub-headline'>422 Z, poniedzia\u0142ek 15:00 - 16:00<\/h6><\/div>\n<\/div><\/div><div id=\"panel-170-0-2-5\" class=\"so-panel widget widget_sow-headline panel-last-child\" data-index=\"12\" ><div\n\t\t\t\n\t\t\tclass=\"so-widget-sow-headline so-widget-sow-headline-default-432af716751d-170\"\n\t\t\t\n\t\t><div class=\"sow-headline-container \">\n\t\t\t\t\t\t<div class=\"decoration\">\n\t\t\t\t\t\t<div class=\"decoration-inside\"><\/div>\n\t\t\t\t\t<\/div>\n\t\t\t\t\t<h6 class='sow-sub-headline'>\t\t\t\t\t\t<a href=\"http:\/\/anitamakowska.ue.wroc.pl\" >\n\t\t\t\t\tanitamakowska.ue.wroc.pl<\/a><\/h6><\/div>\n<\/div><\/div><\/div><\/div><div id=\"pg-170-1\"  class=\"panel-grid panel-has-style\" ><div class=\"panel-row-style panel-row-style-for-170-1\" ><div id=\"pgc-170-1-0\"  class=\"panel-grid-cell\" ><div id=\"panel-170-1-0-0\" class=\"so-panel widget widget_sow-editor panel-first-child\" data-index=\"13\" ><div\n\t\t\t\n\t\t\tclass=\"so-widget-sow-editor so-widget-sow-editor-base\"\n\t\t\t\n\t\t>\n<div class=\"siteorigin-widget-tinymce textwidget\">\n\t<h4 class=\"collapseomatic \" id=\"id69f712f19d269\"  tabindex=\"0\" title=\"O mnie\"    >O mnie<\/h4><div id=\"target-id69f712f19d269\" class=\"collapseomatic_content \"><br \/>\nDoktor nauk ekonomicznych z dyscypliny finanse (Uniwersytet Ekonomiczny we Wroc\u0142awiu). Absolwentka Uniwersytetu Ekonomicznego we Wroc\u0142awiu\u00a0na kierunku \u201eFinanse i bankowo\u015b\u0107\u201d, specjalno\u015b\u0107\u00a0<em>nieruchomo\u015bci\u00a0<\/em>z tytu\u0142em magistra\u00a0oraz Politechniki Wroc\u0142awskiej\u00a0na kierunku \u201eZarz\u0105dzanie i marketing\u201d, specjalno\u015b\u0107\u00a0<em>zarz\u0105dzanie przedsi\u0119biorstwem\u00a0<\/em>z tytu\u0142em magistra in\u017cyniera. Sekretarz Komitetu Statystyki i Ekonometrii Polskiej Akademii Nauk. Redaktor\u00a0czasopisma naukowego Argumenta Oeconomica. Cz\u0142onek komitetu redakcyjnego czasopisma \u015awiat Nieruchomo\u015bci (<em>World of Real Estate Journal)<\/em>.<\/p>\n<p>Autorka wielu publikacji naukowych z dziedziny nieruchomo\u015bci i rynku nieruchomo\u015bci. Wsp\u00f3\u0142pracowa\u0142a z licznymi firmami prowadz\u0105c szkolenia i przygotowuj\u0105c analizy rynku. Od o\u015bmiu\u00a0lat wyk\u0142adowca akademicki na Uniwersytecie Ekonomicznym we Wroc\u0142awiu, takich przedmiot\u00f3w jak m.in. inwestowanie na rynku nieruchomo\u015bci, instrumenty na rynku nieruchomo\u015bci, finanse, risk management in financial markets, real estate market, zaawansowane zagadnienia wyceny, us\u0142ugi finansowe dla przedsi\u0119biorstw, financial mathematics.<\/p>\n<p>Prywatnie mama uroczej Urszulki i mi\u0142o\u015bniczka czekolady.<\/div>\n<\/div>\n<\/div><\/div><div id=\"panel-170-1-0-1\" class=\"so-panel widget widget_sow-editor\" data-index=\"14\" ><div\n\t\t\t\n\t\t\tclass=\"so-widget-sow-editor so-widget-sow-editor-base\"\n\t\t\t\n\t\t>\n<div class=\"siteorigin-widget-tinymce textwidget\">\n\t<h4 class=\"collapseomatic \" id=\"id69f712f19d37a\"  tabindex=\"0\" title=\"Publikacje i wyst\u0105pienia\"    >Publikacje i wyst\u0105pienia<\/h4><div id=\"target-id69f712f19d37a\" class=\"collapseomatic_content \"><br \/>\nCegielski Piotr, Makowska Anita, European Conference on Data Analysis, Wroc\u0142aw, 27-29 wrze\u015bnia 2017, <em>Analysis of the functional form of the real estate market value model.<\/em> Wyst\u0105pienie na konferencji.<\/p>\n<p>Bywalec Magdalena, Makowska Anita, Nieruchomo\u015bci i inwestycje. Aspekty globalne i lokalne, Wieliczka, 20-22 wrze\u015bnia 2017, <em>Zastosowanie taksonomii do aktualizacji warto\u015bci nieruchomo\u015bci mieszkaniowych na przyk\u0142adzie Wroc\u0142awia.<\/em> Wyst\u0105pienie na konferencji.<\/p>\n<p>Makowska Anita, Wojtasiak-Terech Agnieszka, <em>Assessing financial condition of municipalities using taxonomic methods<\/em>, [w]: European Financial Systems 2017. Proceedings of the 14th International Scientific Conference, [red.] Josef Ne\u0161leha, Tom\u00e1\u0161 Pl\u00edhal, Karel Urbanovsk\u00fd, 2017, Brno: Masaryk University, SBN 978-80-210-8609-8,ISBN 978-80-210-8610-4, str. 466-473.<\/p>\n<p>Cegielski Piotr, Makowska Anita, <em>Zastosowanie modeli wyceny opcji w wycenie um\u00f3w najmu<\/em>, w: Inwestycje i nieruchomo\u015bci w warunkach zr\u00f3wnowa\u017conego rozwoju. Wybrane problemy, pod red. Krzysztofa Szczepaniaka i Anny Wojewnik \u2013 Filipkowskiej, Wydzia\u0142 Zarz\u0105dzania Uniwersytetu Gda\u0144skiego, Sopot 2014,  s. 23-34.<\/p>\n<p>Makowska Anita, <em>Koncepcja wykorzystania badania podobie\u0144stwa w metodzie por\u00f3wnywania parami<\/em>, w: Rynek nieruchomo\u015bci. Finansowanie rozwoju miast, pod red. Marka Bryxa, CeDeWu, Warszawa 2013, s. 247 \u2013 265.<\/p>\n<p>Makowska Anita, <em>Przegl\u0105d wybranych modeli szacowania warto\u015bci nieruchomo\u015bci <\/em>, w: Inwestycje i nieruchomo\u015bci \u2013 wyzwania XXI wieku, pod red. Adama Nalepki, Wydawnictwo Uniwersytetu Ekonomicznego w Krakowie, Krak\u00f3w 2011.<\/p>\n<p>Zakr\u0119t Anita, <em>Metody badania czynnik\u00f3w wp\u0142ywaj\u0105cych na warto\u015b\u0107 lokali mieszkalnych we Wroc\u0142awiu <\/em>, w: Stan i tendencje rozwoju rynku nieruchomo\u015bci. Zeszyty naukowe nr 192, pod red. Henryka Gawrona, Wydawnictwo Uniwersytetu Ekonomicznego w Poznaniu, Pozna\u0144 2011, s. 45-58.<\/p>\n<p>\u0141yko Kamil, Zakr\u0119t Anita, <em>Wykorzystanie rachunku sozoekonomicznego przy badaniu efektywno\u015bci transportu publicznego w wojew\u00f3dztwie dolno\u015bl\u0105skim<\/em>, w: Metody Matematyczne, Ekonometryczne i Komputerowe w Finansach i Ubezpieczeniach 2009, pod red. Andrzeja Stanis\u0142awa Barczaka, Stanis\u0142awa Barczaka, Wydawnictwo Uniwersytetu Ekonomicznego w Katowicach, Katowice 2011, s. 153-162.<\/p>\n<p>Zakr\u0119t Anita, <em>Flipping houses \u2013 innowacyjna forma inwestowania na rynku nieruchomo\u015bci<\/em>, w: Inwestycje, wybrane zagadnienia. Prace i Materia\u0142y Wydzia\u0142u Zarz\u0105dzania Uniwersytetu Gda\u0144skiego, pod red. Krzysztofa Szczepaniaka, Wydzia\u0142 Zarz\u0105dzania Uniwersytetu Gda\u0144skiego Fundacja Rozwoju Uniwersytetu Gda\u0144skiego, Sopot 2010, s. 49-60. <\/p>\n<p>Zakr\u0119t Anita, <em>Analiza op\u0142acalno\u015bci inwestowania w nieruchomo\u015bci na rynkach zagranicznych<\/em>, w: Finanse 2009 \u2013 Teoria i praktyka. Rynki finansowe i ubezpieczenia. Zeszyty naukowe nr 550. Ekonomiczne problemy us\u0142ug nr 40, pod red. Waldemara Tarczy\u0144skiego, Dariusza Zarzeckiego, Wydawnictwo Naukowe Uniwersytetu Szczeci\u0144skiego, Szczecin 2009, s. 90-96.<\/div>\n<\/div>\n<\/div><\/div><div id=\"panel-170-1-0-2\" class=\"so-panel widget widget_sow-editor panel-last-child\" data-index=\"15\" ><div\n\t\t\t\n\t\t\tclass=\"so-widget-sow-editor so-widget-sow-editor-base\"\n\t\t\t\n\t\t>\n<div class=\"siteorigin-widget-tinymce textwidget\">\n\t<h4 class=\"collapseomatic \" id=\"id69f712f19d43c\"  tabindex=\"0\" title=\"Prowadzone przedmioty\"    >Prowadzone przedmioty<\/h4><div id=\"target-id69f712f19d43c\" class=\"collapseomatic_content \"><br \/>\nFinanse<br \/>\nFinance<br \/>\nBasics of Finance<br \/>\nZarz\u0105dzanie ryzykiem<br \/>\nRisk Management in Financial Markets<br \/>\nPortfel inwestycyjny<br \/>\nRynki finansowe<br \/>\nFinancial Market<br \/>\nMatematyka finansowa<br \/>\nFinancial Mathematics<br \/>\nReal Estate Market<br \/>\nPodstawy wyceny nieruchomo\u015bci<br \/>\nWycena nieruchomo\u015bci<br \/>\nZaawansowane zagadnienia wyceny<br \/>\nPo\u015brednictwo na rynku nieruchomo\u015bci<br \/>\nAdministrowanie na rynku  nieruchomo\u015bci<br \/>\nInwestowanie na rynku nieruchomo\u015bci<br \/>\nInstrumenty na rynku nieruchomo\u015bci<br \/>\nUs\u0142ugi finansowe dla przedsi\u0119biorstw<br \/>\n<\/div>\n<\/div>\n<\/div><\/div><\/div><\/div><\/div><\/div>","protected":false},"excerpt":{"rendered":"<p>Stanowisko: Pok\u00f3j: E-mail: Tel.: Konsultacje: www: adiunkt bud. Z, pok. 422 anita.makowska@ue.wroc.pl 71 36 80 731 422 Z, poniedzia\u0142ek 15:00 &#8211; 16:00 anitamakowska.ue.wroc.pl O mnie Doktor nauk ekonomicznych z dyscypliny&#8230; <\/p>\n","protected":false},"author":1,"featured_media":0,"parent":0,"menu_order":0,"comment_status":"closed","ping_status":"closed","template":"","meta":{"footnotes":""},"class_list":["post-170","page","type-page","status-publish","hentry"],"_links":{"self":[{"href":"https:\/\/fire.ue.wroc.pl\/index.php?rest_route=\/wp\/v2\/pages\/170","targetHints":{"allow":["GET"]}}],"collection":[{"href":"https:\/\/fire.ue.wroc.pl\/index.php?rest_route=\/wp\/v2\/pages"}],"about":[{"href":"https:\/\/fire.ue.wroc.pl\/index.php?rest_route=\/wp\/v2\/types\/page"}],"author":[{"embeddable":true,"href":"https:\/\/fire.ue.wroc.pl\/index.php?rest_route=\/wp\/v2\/users\/1"}],"replies":[{"embeddable":true,"href":"https:\/\/fire.ue.wroc.pl\/index.php?rest_route=%2Fwp%2Fv2%2Fcomments&post=170"}],"version-history":[{"count":190,"href":"https:\/\/fire.ue.wroc.pl\/index.php?rest_route=\/wp\/v2\/pages\/170\/revisions"}],"predecessor-version":[{"id":654,"href":"https:\/\/fire.ue.wroc.pl\/index.php?rest_route=\/wp\/v2\/pages\/170\/revisions\/654"}],"wp:attachment":[{"href":"https:\/\/fire.ue.wroc.pl\/index.php?rest_route=%2Fwp%2Fv2%2Fmedia&parent=170"}],"curies":[{"name":"wp","href":"https:\/\/api.w.org\/{rel}","templated":true}]}}