{"id":20,"date":"2018-03-10T17:45:51","date_gmt":"2018-03-10T16:45:51","guid":{"rendered":"http:\/\/fire.ue.wroc.pl\/?page_id=20"},"modified":"2018-03-12T15:10:04","modified_gmt":"2018-03-12T14:10:04","slug":"obszary-badawcze","status":"publish","type":"page","link":"https:\/\/fire.ue.wroc.pl\/?page_id=20","title":{"rendered":"Obszary badawcze"},"content":{"rendered":"<p>Badania naukowe prowadzone przez pracownik\u00f3w katedry skupiaj\u0105 si\u0119 wok\u00f3\u0142 nast\u0119puj\u0105cych temat\u00f3w:<\/p>\n<p>\u2022\tAnaliza ekonometryczna i statystyczna zjawisk gospodarczych<br \/>\n\u2022\tAnaliza instrument\u00f3w finansowych<br \/>\n\u2022\tAnaliza i zarz\u0105dzanie ryzykiem<br \/>\n\u2022\tEkonometria finansowa<br \/>\n\u2022\tEkonomia finansowa<br \/>\n\u2022\tFinanse behawioralne<br \/>\n\u2022\tFinanse gospodarstw domowych<br \/>\n\u2022\tFinanse mi\u0119dzynarodowe<br \/>\n\u2022\tFinanse przedsi\u0119biorstw<br \/>\n\u2022\tFinanse osobiste<br \/>\n\u2022\tInstytucje finansowe<br \/>\n\u2022\tMatematyka finansowa<br \/>\n\u2022\tMatematyka i statystyka ubezpieczeniowa<br \/>\n\u2022\tNieruchomo\u015bci<br \/>\n\u2022\tRynek finansowy<br \/>\n\u2022\tStatystyczna analiza wielowymiarowa<br \/>\n\u2022\tTeoria portfela<\/p>\n","protected":false},"excerpt":{"rendered":"<p>Badania naukowe prowadzone przez pracownik\u00f3w katedry skupiaj\u0105 si\u0119 wok\u00f3\u0142 nast\u0119puj\u0105cych temat\u00f3w: \u2022 Analiza ekonometryczna i statystyczna zjawisk gospodarczych \u2022 Analiza instrument\u00f3w finansowych \u2022 Analiza i zarz\u0105dzanie ryzykiem \u2022 Ekonometria finansowa&#8230; <\/p>\n","protected":false},"author":1,"featured_media":195,"parent":0,"menu_order":0,"comment_status":"closed","ping_status":"closed","template":"","meta":{"footnotes":""},"class_list":["post-20","page","type-page","status-publish","has-post-thumbnail","hentry"],"_links":{"self":[{"href":"https:\/\/fire.ue.wroc.pl\/index.php?rest_route=\/wp\/v2\/pages\/20","targetHints":{"allow":["GET"]}}],"collection":[{"href":"https:\/\/fire.ue.wroc.pl\/index.php?rest_route=\/wp\/v2\/pages"}],"about":[{"href":"https:\/\/fire.ue.wroc.pl\/index.php?rest_route=\/wp\/v2\/types\/page"}],"author":[{"embeddable":true,"href":"https:\/\/fire.ue.wroc.pl\/index.php?rest_route=\/wp\/v2\/users\/1"}],"replies":[{"embeddable":true,"href":"https:\/\/fire.ue.wroc.pl\/index.php?rest_route=%2Fwp%2Fv2%2Fcomments&post=20"}],"version-history":[{"count":2,"href":"https:\/\/fire.ue.wroc.pl\/index.php?rest_route=\/wp\/v2\/pages\/20\/revisions"}],"predecessor-version":[{"id":196,"href":"https:\/\/fire.ue.wroc.pl\/index.php?rest_route=\/wp\/v2\/pages\/20\/revisions\/196"}],"wp:featuredmedia":[{"embeddable":true,"href":"https:\/\/fire.ue.wroc.pl\/index.php?rest_route=\/wp\/v2\/media\/195"}],"wp:attachment":[{"href":"https:\/\/fire.ue.wroc.pl\/index.php?rest_route=%2Fwp%2Fv2%2Fmedia&parent=20"}],"curies":[{"name":"wp","href":"https:\/\/api.w.org\/{rel}","templated":true}]}}