{"id":24,"date":"2018-03-10T17:46:17","date_gmt":"2018-03-10T16:46:17","guid":{"rendered":"http:\/\/fire.ue.wroc.pl\/?page_id=24"},"modified":"2018-04-04T15:47:09","modified_gmt":"2018-04-04T13:47:09","slug":"publikacje","status":"publish","type":"page","link":"https:\/\/fire.ue.wroc.pl\/?page_id=24","title":{"rendered":"Publikacje"},"content":{"rendered":"<h4><strong>Personal finance \/ Finanse osobiste<\/strong><\/h4>\n<p>Pietrzyk, R., &amp; Rokita, P. (2017). Integrated measures of household risk in financial plans optimized under a consumption rate constraint. <em>Archives of Data Science, Series A<\/em>, <em>2<\/em>(1), 1\u201316. <a href=\"https:\/\/doi.org\/10.5445\/KSP\/1000058749\/18\">https:\/\/doi.org\/10.5445\/KSP\/1000058749\/18<\/a><\/p>\n<p>Pietrzyk, R., Piontek, K., &amp; Rokita, P. (2017). Risk measurement for goals realization in a household financial plan. W <em>The 11th Professor Aleksander Zelias International Conference on Modelling and Forecasting of Socio &#8211; Economic Phenomena. Conference Proceedings<\/em> (s. 329\u2013338). Foundation of the Cracow University of Economics.<\/p>\n<p>Pietrzyk, R., &amp; Rokita, P. (2017). Model optymalizacji planu finansowego dwuosobowych gospodarstw domowych. <em>Studia Prawno-Ekonomiczne<\/em>, <em>105<\/em>, 293\u2013309.<\/p>\n<p>Pietrzyk, R., &amp; Rokita, P. (2016). Facilitating Household Financial Plan Optimization by Adjusting Time Range of Analysis to Life-Length Risk Aversion. W A. Wilhelm &amp; H. A. Kestler (Red.), <em>Analysis of Large and Complex Data<\/em> (s. 357\u2013367). Cham: Springer International Publishing.<\/p>\n<p>Pietrzyk, R., &amp; Rokita, P. (2016). A decent measure of risk for a household life-long financial plan \u2013 postulates and properties. W <em>34th International Conference Mathematical Methods in Economics. Conference Proceedings<\/em> (s. 687\u2013692). Liberec: Technical University of Liberec.<\/p>\n<p>Pietrzyk, R., &amp; Rokita, P. (2015). Stochastic goals in household financial planning for a two-person household. <em>STATISTICS IN TRANSITION new series<\/em>, <em>16<\/em>(1), 111\u2013136.<\/p>\n<p>Pietrzyk, R., &amp; Rokita, P. (2015). On a concept of household financial plan optimization model. <em>Research Papers of Wroc\u0142aw University of Economics<\/em>, (381), 299\u2013319. <a href=\"https:\/\/doi.org\/10.15611\/pn.2015.381.24\">https:\/\/doi.org\/10.15611\/pn.2015.381.24<\/a><\/p>\n<p>Pietrzyk, R., &amp; Rokita, P. (2015). Lowering costs of private retirement by sharing of life-length risk within a household. W <em>9th Professor Aleksander Zelias International Conference on Modelling and Forecasting of Socio-Economic Phenomena. Conference Proceedings<\/em> (s. 174\u2013184). Zakopane: Foundation of the Cracow University of Economics.<\/p>\n<p>Pietrzyk, R., &amp; Rokita, P. (2015). Integrated measure of risk in a cumulated-surplus-based financial plan optimization model for a 2-person household. W <em>33rd International Conference Mathematical Methods in Economics. Conference Proceedings<\/em> (s. 647\u2013652). Cheb: University of West Bohemia, Plzen.<\/p>\n<p>Jajuga, K., Feldman, \u0141., Pietrzyk, R., &amp; Rokita, P. (2015). <em>Integrated Risk Model in Household Life Cycle<\/em>. Publishing House of Wroc\u0142aw University of Economics.<\/p>\n<p>Feldman, \u0141. (2015). Household Risk Management Techniques in an Intertemporal Consumption Model. <em>Research Papers of Wroc\u0142aw University of Economics<\/em>, (381), 53\u201365.<\/p>\n<p>Pietrzyk, R., &amp; Rokita, P. (2014). Optimization of financing multiple goals with multiple investment programs in financial planning for households. W <em>32nd International Conference Mathematical Methods in Economics. Conference Proceedings<\/em> (s. 795\u2013800). Palacky University, Olomouc.<\/p>\n<p>Feldman, \u0141., Pietrzyk, R., &amp; Rokita, P. (2014). Og\u00f3lne strategie zaspokajania celu emerytalnego gospodarstw domowych a ryzyko d\u0142ugowieczno\u015bci. W <em>Ubezpieczenia wobec ryzyka d\u0142ugowieczno\u015bci\/staro\u015bci<\/em> (s. 37\u201349). Wydawnictwo Uniwersytetu Ekonomicznego w Poznaniu.<\/p>\n<p>Feldman, \u0141., Pietrzyk, R., &amp; Rokita, P. (2014). Multiobjective optimization of financing household goals with multiple investment programs. <em>STATISTICS IN TRANSITION new series<\/em>, <em>15<\/em>(2), 243\u2013268.<\/p>\n<p>Feldman, \u0141., Pietrzyk, R., &amp; Rokita, P. (2014). A Practical Method of Determining Longevity and Premature-Death Risk Aversion in Households and Some Proposals of Its Application. W M. Spiliopoulou, L. Schmidt-Thieme, &amp; R. Janning (Red.), <em>Data Analysis, Machine Learning and Knowledge Discovery<\/em> (s. 255\u2013264). Cham: Springer International Publishing.<\/p>\n<p>&nbsp;<\/p>\n<h4><strong>Portfolio management \/ Zarz\u0105dzanie portfelem<\/strong><\/h4>\n<p>Pietrzyk, R. (2014). Households investment portfolio performance evaluation. W <em>8th Professor Aleksander Zelias International Conference on Modelling and Forecasting of Socio-Economic Phenomena. Conference Proceedings<\/em> (s. 145\u2013155). Foundation of the Cracow University of Economics.<\/p>\n<p>Pietrzyk, R. (2014). Evaluation of mutual fund performance on Polish capital market with the use of market timing models. W <em>32nd International Conference Mathematical Methods in Economics. Conference Proceedings<\/em> (s. 789\u2013794). Palacky University, Olomouc.<\/p>\n<p>Pietrzyk, R. (2014). Por\u00f3wnanie metod pomiaru efektywno\u015bci zarz\u0105dzania portfelami funduszy inwestycyjnych. <em>Research Papers of Wroc\u0142aw University of Economics<\/em>, <em>328<\/em>(328), 290\u2013298.<\/p>\n<p>Pietrzyk, R. (2013). Efektywno\u015b\u0107 inwestycji polskich funduszy inwestycyjnych z tytu\u0142u doboru papier\u00f3w warto\u015bciowych i umiej\u0119tno\u015bci wykorzystania trend\u00f3w rynkowych. <em>Taksonomia 20, Klasyfikacja i analiza danych \u2013 teoria i praktyka, Prace Naukowe Uniwersytetu Ekonomicznego we Wroc\u0142awiu<\/em>, (278), 351\u2013361.<\/p>\n<p>&nbsp;<\/p>\n<h4><strong>Financial market \/ Rynek finansowy<\/strong><\/h4>\n<p>Bia\u0142ek, J., &amp; Pietrzyk, R. (2017). Application of the Divisia Index with Interconnected Factors in the Warsaw Stock Exchange Index (WIG) fluctuation analysis. <em>Acta Universitatis Lodziensis. Folia Oeconomica<\/em>, <em>4<\/em>(330). <a href=\"https:\/\/doi.org\/10.18778\/0208-6018.330.09\">https:\/\/doi.org\/10.18778\/0208-6018.330.09<\/a><\/p>\n<p>&nbsp;<\/p>\n<h4>Risk management\/Zarz\u0105dzanie ryzykiem<\/h4>\n<p>Wojtasiak, A. (2002). Regulacje mi\u0119dzynarodowe i rozwi\u0105zania wewn\u0119trzne w zarz\u0105dzaniu ryzykiem prawnym na rynku instrument\u00f3w pochodnych. <em>Rynek Terminowy, <\/em>(20), 112-115.<\/p>\n<p>Wojtasiak, A. (2003). Ryzyko prawne na rynku instrument\u00f3w pochodnych \u2013 zagadnienia og\u00f3lne. <em>Gazeta Bankowa,<\/em> (24), 26-28.<\/p>\n<p>Wojtasiak, A. (2003). Ryzyko operacyjne na rynku instrument\u00f3w pochodnych \u2013 podzia\u0142 i metody jego minimalizacji. <em>Bank i Kredyt,<\/em> (9), 59-62.<\/p>\n<p>Wojtasiak, A. (2004). Wybrane metody pomiaru ryzyka operacyjnego dla instytucji finansowych dzia\u0142aj\u0105cych na rynku instrument\u00f3w pochodnych. <em>Bank i Kredyt,<\/em> (1), 25-30.<\/p>\n<p>Wojtasiak, A. (2004). Proces zarz\u0105dzania ryzykiem finansowym \u2013 wybrane podej\u015bcia. <em>Gazeta Bankowa, <\/em>(24), 34-35.<\/p>\n<p>Wojtasiak, A. (2013). Podstawy tworzenia procesu zarz\u0105dzania ryzykiem w sektorze finans\u00f3w publicznych w Polsce. W <em>Finanse wobec problem\u00f3w gospodarki \u015bwiatowej (<\/em>s. 247-259). Wydawnictwo Uniwersytetu Gda\u0144skiego.<\/p>\n<p>Wojtasiak, A. (2014). Zarz\u0105dzanie ryzykiem w jednostce samorz\u0105du terytorialnego (mo\u017cliwo\u015b\u0107 zastosowania mi\u0119dzynarodowego standardu zarz\u0105dzania ryzykiem COSO II). <em>Finanse Komunalne<\/em>, (4), 5-19.<\/p>\n<p>Wojtasiak, A. (2014). Zg\u0142oszenie wniosku o upad\u0142o\u015b\u0107 \u2013 reakcja jednostek samorz\u0105du terytorialnego w USA na problemy finansowe. W<em> Finanse w polityce makroekonomicznej pa\u0144stwa<\/em>. (s. 210-220). Wydawnictwo Uniwersytetu Ekonomicznego w Krakowie.<\/p>\n<p>Wojtasiak, A. (2015). Risk identification and assessment \u2013 guidelines for public sector in Poland. <em>Financial Investments and Insurance \u2013 Global Trends and the Polish Market.<\/em> <em>Research Papers of Wroclaw University of Economics<\/em>, (381), 510-526.<\/p>\n<p>Wojtasiak, A. (2016). Typology of the Municipal Bonds Risk- Application for Polish Organized Bonds Market. In <em>European Financial Systems 2016. Conference Proceedings <\/em>(pp. 863-871). Masaryk University<\/p>\n<p>&nbsp;<\/p>\n<h4>Financial institutions\/Instytucje finansowe<\/h4>\n<p>Jajuga, K., Kuziak, K., Ronka-Chmielowiec, W., &amp; Wojtasiak, A. (2004). Polityka inwestycyjna otwartych funduszy emerytalnych-istniej\u0105ce rozwi\u0105zania i propozycje zmian. W <em>Forum dyskusyjne ubezpiecze\u0144 i funduszy emerytalnych. Polityka inwestycyjna otwartych funduszy emerytalnych <\/em>(s. 7-27). Komisja Nadzoru Ubezpiecze\u0144 i Funduszy Emerytalnych.<\/p>\n<p>&nbsp;<\/p>\n<h4>Corporate finance\/Finanse przedsi\u0119biorstw<\/h4>\n<p>Wojtasiak, A. (2005) Small and Medium Enterprises Finance Facility \u2013 European Commission Financial Instrument for SMEs. <em>Inwestycje finansowe i ubezpieczenia \u2013 tendencje \u015bwiatowe a polski rynek<\/em>. <em>Prace naukowe Uniwersytetu Ekonomicznego we Wroc\u0142awiu<\/em>, (1088), 368.-374.<\/p>\n<p>&nbsp;<\/p>\n<h4>Public finance\/Finanse publiczne<\/h4>\n<p>Makowska A., Wojtasiak A. (2017). Assessing financial condition of municipalities using taxonomic methods. In <em>European Financial Systems 2017. Conference Proceedings <\/em>(pp. 466-473). Masaryk University<\/p>\n","protected":false},"excerpt":{"rendered":"<p>Personal finance \/ Finanse osobiste Pietrzyk, R., &amp; Rokita, P. (2017). Integrated measures of household risk in financial plans optimized under a consumption rate constraint. Archives of Data Science, Series&#8230; <\/p>\n","protected":false},"author":1,"featured_media":193,"parent":0,"menu_order":0,"comment_status":"closed","ping_status":"closed","template":"","meta":{"footnotes":""},"class_list":["post-24","page","type-page","status-publish","has-post-thumbnail","hentry"],"_links":{"self":[{"href":"https:\/\/fire.ue.wroc.pl\/index.php?rest_route=\/wp\/v2\/pages\/24","targetHints":{"allow":["GET"]}}],"collection":[{"href":"https:\/\/fire.ue.wroc.pl\/index.php?rest_route=\/wp\/v2\/pages"}],"about":[{"href":"https:\/\/fire.ue.wroc.pl\/index.php?rest_route=\/wp\/v2\/types\/page"}],"author":[{"embeddable":true,"href":"https:\/\/fire.ue.wroc.pl\/index.php?rest_route=\/wp\/v2\/users\/1"}],"replies":[{"embeddable":true,"href":"https:\/\/fire.ue.wroc.pl\/index.php?rest_route=%2Fwp%2Fv2%2Fcomments&post=24"}],"version-history":[{"count":3,"href":"https:\/\/fire.ue.wroc.pl\/index.php?rest_route=\/wp\/v2\/pages\/24\/revisions"}],"predecessor-version":[{"id":251,"href":"https:\/\/fire.ue.wroc.pl\/index.php?rest_route=\/wp\/v2\/pages\/24\/revisions\/251"}],"wp:featuredmedia":[{"embeddable":true,"href":"https:\/\/fire.ue.wroc.pl\/index.php?rest_route=\/wp\/v2\/media\/193"}],"wp:attachment":[{"href":"https:\/\/fire.ue.wroc.pl\/index.php?rest_route=%2Fwp%2Fv2%2Fmedia&parent=24"}],"curies":[{"name":"wp","href":"https:\/\/api.w.org\/{rel}","templated":true}]}}