{"id":467,"date":"2020-04-07T14:08:01","date_gmt":"2020-04-07T12:08:01","guid":{"rendered":"http:\/\/fire.ue.wroc.pl\/?page_id=467"},"modified":"2020-04-14T14:59:02","modified_gmt":"2020-04-14T12:59:02","slug":"dr-hab-pawel-rokita-prof-ue","status":"publish","type":"page","link":"https:\/\/fire.ue.wroc.pl\/?page_id=467","title":{"rendered":"dr hab. Pawe\u0142 Rokita, prof. UE"},"content":{"rendered":"<div id=\"pl-467\"  class=\"panel-layout\" ><div id=\"pg-467-0\"  class=\"panel-grid panel-no-style\" ><div id=\"pgc-467-0-0\"  class=\"panel-grid-cell\" ><div id=\"panel-467-0-0-0\" class=\"so-panel widget widget_sow-image panel-first-child panel-last-child\" data-index=\"0\" ><div\n\t\t\t\n\t\t\tclass=\"so-widget-sow-image so-widget-sow-image-default-8b5b6f678277-467\"\n\t\t\t\n\t\t>\n\n<div class=\"sow-image-container\">\n\t\t<img decoding=\"async\" src=\"https:\/\/fire.ue.wroc.pl\/wp-content\/uploads\/2018\/06\/PR_June_2015_4_small_uniform_background_24_bit.png\" width=\"757\" height=\"1029\" srcset=\"https:\/\/fire.ue.wroc.pl\/wp-content\/uploads\/2018\/06\/PR_June_2015_4_small_uniform_background_24_bit.png 757w, https:\/\/fire.ue.wroc.pl\/wp-content\/uploads\/2018\/06\/PR_June_2015_4_small_uniform_background_24_bit-221x300.png 221w, https:\/\/fire.ue.wroc.pl\/wp-content\/uploads\/2018\/06\/PR_June_2015_4_small_uniform_background_24_bit-753x1024.png 753w\" sizes=\"auto, (max-width: 757px) 100vw, 757px\" alt=\"\" loading=\"lazy\" \t\tclass=\"so-widget-image\"\/>\n\t<\/div>\n\n<\/div><\/div><\/div><div id=\"pgc-467-0-1\"  class=\"panel-grid-cell\" ><div id=\"panel-467-0-1-0\" class=\"so-panel widget widget_sow-headline panel-first-child\" data-index=\"1\" ><div class=\"panel-widget-style panel-widget-style-for-467-0-1-0\" ><div\n\t\t\t\n\t\t\tclass=\"so-widget-sow-headline so-widget-sow-headline-default-180968c9f045-467\"\n\t\t\t\n\t\t><div class=\"sow-headline-container \">\n\t\t\t\t\t\t<div class=\"decoration\">\n\t\t\t\t\t\t<div class=\"decoration-inside\"><\/div>\n\t\t\t\t\t<\/div>\n\t\t\t\t\t<h6 class='sow-sub-headline'>Stanowisko:<\/h6><\/div>\n<\/div><\/div><\/div><div id=\"panel-467-0-1-1\" class=\"so-panel widget widget_sow-headline\" data-index=\"2\" ><div\n\t\t\t\n\t\t\tclass=\"so-widget-sow-headline so-widget-sow-headline-default-180968c9f045-467\"\n\t\t\t\n\t\t><div class=\"sow-headline-container \">\n\t\t\t\t\t\t<div class=\"decoration\">\n\t\t\t\t\t\t<div class=\"decoration-inside\"><\/div>\n\t\t\t\t\t<\/div>\n\t\t\t\t\t<h6 class='sow-sub-headline'>Pok\u00f3j:<\/h6><\/div>\n<\/div><\/div><div id=\"panel-467-0-1-2\" class=\"so-panel widget widget_sow-headline\" data-index=\"3\" ><div\n\t\t\t\n\t\t\tclass=\"so-widget-sow-headline so-widget-sow-headline-default-180968c9f045-467\"\n\t\t\t\n\t\t><div class=\"sow-headline-container \">\n\t\t\t\t\t\t<div class=\"decoration\">\n\t\t\t\t\t\t<div class=\"decoration-inside\"><\/div>\n\t\t\t\t\t<\/div>\n\t\t\t\t\t<h6 class='sow-sub-headline'>E-mail:<\/h6><\/div>\n<\/div><\/div><div id=\"panel-467-0-1-3\" class=\"so-panel widget widget_sow-headline\" data-index=\"4\" ><div\n\t\t\t\n\t\t\tclass=\"so-widget-sow-headline so-widget-sow-headline-default-b11a8fb43cd3-467\"\n\t\t\t\n\t\t><div class=\"sow-headline-container \">\n\t\t\t\t\t\t<div class=\"decoration\">\n\t\t\t\t\t\t<div class=\"decoration-inside\"><\/div>\n\t\t\t\t\t<\/div>\n\t\t\t\t\t<h6 class='sow-sub-headline'>Tel.:<\/h6><\/div>\n<\/div><\/div><div id=\"panel-467-0-1-4\" class=\"so-panel widget widget_sow-headline panel-last-child\" data-index=\"5\" ><div\n\t\t\t\n\t\t\tclass=\"so-widget-sow-headline so-widget-sow-headline-default-180968c9f045-467 so-widget-fittext-wrapper\"\n\t\t\t data-fit-text-compressor=\"0.85\"\n\t\t><div class=\"sow-headline-container \">\n\t\t\t\t\t\t<div class=\"decoration\">\n\t\t\t\t\t\t<div class=\"decoration-inside\"><\/div>\n\t\t\t\t\t<\/div>\n\t\t\t\t\t<h6 class='sow-sub-headline'>Konsultacje:<\/h6><\/div>\n<\/div><\/div><\/div><div id=\"pgc-467-0-2\"  class=\"panel-grid-cell\" ><div id=\"panel-467-0-2-0\" class=\"so-panel widget widget_sow-headline panel-first-child\" data-index=\"6\" ><div\n\t\t\t\n\t\t\tclass=\"so-widget-sow-headline so-widget-sow-headline-default-432af716751d-467\"\n\t\t\t\n\t\t><div class=\"sow-headline-container \">\n\t\t\t\t\t\t<div class=\"decoration\">\n\t\t\t\t\t\t<div class=\"decoration-inside\"><\/div>\n\t\t\t\t\t<\/div>\n\t\t\t\t\t<h6 class='sow-sub-headline'>Profesor nadzwyczajny<\/h6><\/div>\n<\/div><\/div><div id=\"panel-467-0-2-1\" class=\"so-panel widget widget_sow-headline\" data-index=\"7\" ><div\n\t\t\t\n\t\t\tclass=\"so-widget-sow-headline so-widget-sow-headline-default-432af716751d-467\"\n\t\t\t\n\t\t><div class=\"sow-headline-container \">\n\t\t\t\t\t\t<div class=\"decoration\">\n\t\t\t\t\t\t<div class=\"decoration-inside\"><\/div>\n\t\t\t\t\t<\/div>\n\t\t\t\t\t<h6 class='sow-sub-headline'>bud. Z, pok. 414<\/h6><\/div>\n<\/div><\/div><div id=\"panel-467-0-2-2\" class=\"so-panel widget widget_sow-headline\" data-index=\"8\" ><div\n\t\t\t\n\t\t\tclass=\"so-widget-sow-headline so-widget-sow-headline-default-432af716751d-467\"\n\t\t\t\n\t\t><div class=\"sow-headline-container \">\n\t\t\t\t\t\t<div class=\"decoration\">\n\t\t\t\t\t\t<div class=\"decoration-inside\"><\/div>\n\t\t\t\t\t<\/div>\n\t\t\t\t\t<h6 class='sow-sub-headline'>pawel.rokita@ue.wroc.pl<\/h6><\/div>\n<\/div><\/div><div id=\"panel-467-0-2-3\" class=\"so-panel widget widget_sow-headline\" data-index=\"9\" ><div\n\t\t\t\n\t\t\tclass=\"so-widget-sow-headline so-widget-sow-headline-default-432af716751d-467\"\n\t\t\t\n\t\t><div class=\"sow-headline-container \">\n\t\t\t\t\t\t<div class=\"decoration\">\n\t\t\t\t\t\t<div class=\"decoration-inside\"><\/div>\n\t\t\t\t\t<\/div>\n\t\t\t\t\t<h6 class='sow-sub-headline'>71 36 80 373<\/h6><\/div>\n<\/div><\/div><div id=\"panel-467-0-2-4\" class=\"so-panel widget widget_sow-headline panel-last-child\" data-index=\"10\" ><div\n\t\t\t\n\t\t\tclass=\"so-widget-sow-headline so-widget-sow-headline-default-80279fd49e0d-467\"\n\t\t\t\n\t\t><div class=\"sow-headline-container \">\n\t\t\t\t\t\t<div class=\"decoration\">\n\t\t\t\t\t\t<div class=\"decoration-inside\"><\/div>\n\t\t\t\t\t<\/div>\n\t\t\t\t\t<h6 class='sow-sub-headline'>Wt., 12:30 - 14:00 (zdalnie do odwo\u0142ania; forma zdalnych konsultacji - do um\u00f3wienia drog\u0105 e-mailow\u0105)  \/  Tuesday, 12:30 - 14:00 (remote mode, until further notice; the form of a consulting session - to be arranged via e-mail)<\/h6><\/div>\n<\/div><\/div><\/div><\/div><div id=\"pg-467-1\"  class=\"panel-grid panel-has-style\" ><div class=\"panel-row-style panel-row-style-for-467-1\" ><div id=\"pgc-467-1-0\"  class=\"panel-grid-cell\" ><div id=\"panel-467-1-0-0\" class=\"so-panel widget widget_sow-editor panel-first-child\" data-index=\"11\" ><div\n\t\t\t\n\t\t\tclass=\"so-widget-sow-editor so-widget-sow-editor-base\"\n\t\t\t\n\t\t>\n<div class=\"siteorigin-widget-tinymce textwidget\">\n\t<h4 class=\"collapseomatic \" id=\"id69f711c66d42d\"  tabindex=\"0\" title=\"O mnie\"    >O mnie<\/h4><div id=\"target-id69f711c66d42d\" class=\"collapseomatic_content \"><br \/>\n<\/div>\n<\/div>\n<\/div><\/div><div id=\"panel-467-1-0-1\" class=\"so-panel widget widget_sow-editor\" data-index=\"12\" ><div\n\t\t\t\n\t\t\tclass=\"so-widget-sow-editor so-widget-sow-editor-base\"\n\t\t\t\n\t\t>\n<div class=\"siteorigin-widget-tinymce textwidget\">\n\t<h4 class=\"collapseomatic \" id=\"id69f711c66d514\"  tabindex=\"0\" title=\"Publikacje i wyst\u0105pienia\"    >Publikacje i wyst\u0105pienia<\/h4><div id=\"target-id69f711c66d514\" class=\"collapseomatic_content \"><br \/>\n<\/div>\n<\/div>\n<\/div><\/div><div id=\"panel-467-1-0-2\" class=\"so-panel widget widget_sow-editor panel-last-child\" data-index=\"13\" ><div\n\t\t\t\n\t\t\tclass=\"so-widget-sow-editor so-widget-sow-editor-base\"\n\t\t\t\n\t\t>\n<div class=\"siteorigin-widget-tinymce textwidget\">\n\t<h4 class=\"collapseomatic \" id=\"id69f711c66d5c5\"  tabindex=\"0\" title=\"Prowadzone przedmioty\"    >Prowadzone przedmioty<\/h4><div id=\"target-id69f711c66d5c5\" class=\"collapseomatic_content \"> <\/p>\n<p><\/div>\n<\/div>\n<\/div><\/div><\/div><\/div><\/div><div id=\"pg-467-2\"  class=\"panel-grid panel-no-style\" ><div id=\"pgc-467-2-0\"  class=\"panel-grid-cell\" ><div id=\"panel-467-2-0-0\" class=\"so-panel widget widget_sow-image panel-first-child panel-last-child\" data-index=\"14\" ><div\n\t\t\t\n\t\t\tclass=\"so-widget-sow-image so-widget-sow-image-default-8b5b6f678277-467\"\n\t\t\t\n\t\t>\n\n<div class=\"sow-image-container\">\n\t\t\t<a href=\"https:\/\/www.researchgate.net\/profile\/Pawel_Rokita\"\n\t\t\t\t\t>\n\t\t\t<img decoding=\"async\" src=\"https:\/\/fire.ue.wroc.pl\/wp-content\/uploads\/2018\/06\/RG.png\" width=\"250\" height=\"250\" srcset=\"https:\/\/fire.ue.wroc.pl\/wp-content\/uploads\/2018\/06\/RG.png 250w, https:\/\/fire.ue.wroc.pl\/wp-content\/uploads\/2018\/06\/RG-150x150.png 150w\" sizes=\"auto, (max-width: 250px) 100vw, 250px\" title=\"ResearchGate\" alt=\"\" loading=\"lazy\" \t\tclass=\"so-widget-image\"\/>\n\t<\/a><\/div>\n\n<\/div><\/div><\/div><div id=\"pgc-467-2-1\"  class=\"panel-grid-cell\" ><div id=\"panel-467-2-1-0\" class=\"so-panel widget widget_sow-image panel-first-child panel-last-child\" data-index=\"15\" ><div\n\t\t\t\n\t\t\tclass=\"so-widget-sow-image so-widget-sow-image-default-8b5b6f678277-467\"\n\t\t\t\n\t\t>\n\n<div class=\"sow-image-container\">\n\t\t\t<a href=\"https:\/\/ue-wroc.academia.edu\/PawelRokita\"\n\t\t\t\t\t>\n\t\t\t<img decoding=\"async\" src=\"https:\/\/fire.ue.wroc.pl\/wp-content\/uploads\/2018\/06\/Academia.png\" width=\"400\" height=\"400\" srcset=\"https:\/\/fire.ue.wroc.pl\/wp-content\/uploads\/2018\/06\/Academia.png 400w, https:\/\/fire.ue.wroc.pl\/wp-content\/uploads\/2018\/06\/Academia-150x150.png 150w, https:\/\/fire.ue.wroc.pl\/wp-content\/uploads\/2018\/06\/Academia-300x300.png 300w\" sizes=\"auto, (max-width: 400px) 100vw, 400px\" title=\"Academia.edu\" alt=\"\" loading=\"lazy\" \t\tclass=\"so-widget-image\"\/>\n\t<\/a><\/div>\n\n<\/div><\/div><\/div><div id=\"pgc-467-2-2\"  class=\"panel-grid-cell panel-grid-cell-empty\" ><\/div><div id=\"pgc-467-2-3\"  class=\"panel-grid-cell panel-grid-cell-empty\" ><\/div><div id=\"pgc-467-2-4\"  class=\"panel-grid-cell panel-grid-cell-empty\" ><\/div><div id=\"pgc-467-2-5\"  class=\"panel-grid-cell panel-grid-cell-empty\" ><\/div><div id=\"pgc-467-2-6\"  class=\"panel-grid-cell panel-grid-cell-empty panel-grid-cell-mobile-last\" ><\/div><div id=\"pgc-467-2-7\"  class=\"panel-grid-cell panel-grid-cell-empty\" ><\/div><\/div><\/div>","protected":false},"excerpt":{"rendered":"<p>Stanowisko: Pok\u00f3j: E-mail: Tel.: Konsultacje: Profesor nadzwyczajny bud. Z, pok. 414 pawel.rokita@ue.wroc.pl 71 36 80 373 Wt., 12:30 &#8211; 14:00 (zdalnie do odwo\u0142ania; forma zdalnych konsultacji &#8211; do um\u00f3wienia drog\u0105&#8230; <\/p>\n","protected":false},"author":1,"featured_media":0,"parent":0,"menu_order":0,"comment_status":"closed","ping_status":"closed","template":"","meta":{"footnotes":""},"class_list":["post-467","page","type-page","status-publish","hentry"],"_links":{"self":[{"href":"https:\/\/fire.ue.wroc.pl\/index.php?rest_route=\/wp\/v2\/pages\/467","targetHints":{"allow":["GET"]}}],"collection":[{"href":"https:\/\/fire.ue.wroc.pl\/index.php?rest_route=\/wp\/v2\/pages"}],"about":[{"href":"https:\/\/fire.ue.wroc.pl\/index.php?rest_route=\/wp\/v2\/types\/page"}],"author":[{"embeddable":true,"href":"https:\/\/fire.ue.wroc.pl\/index.php?rest_route=\/wp\/v2\/users\/1"}],"replies":[{"embeddable":true,"href":"https:\/\/fire.ue.wroc.pl\/index.php?rest_route=%2Fwp%2Fv2%2Fcomments&post=467"}],"version-history":[{"count":22,"href":"https:\/\/fire.ue.wroc.pl\/index.php?rest_route=\/wp\/v2\/pages\/467\/revisions"}],"predecessor-version":[{"id":594,"href":"https:\/\/fire.ue.wroc.pl\/index.php?rest_route=\/wp\/v2\/pages\/467\/revisions\/594"}],"wp:attachment":[{"href":"https:\/\/fire.ue.wroc.pl\/index.php?rest_route=%2Fwp%2Fv2%2Fmedia&parent=467"}],"curies":[{"name":"wp","href":"https:\/\/api.w.org\/{rel}","templated":true}]}}