{"id":519,"date":"2018-06-29T10:30:08","date_gmt":"2018-06-29T08:30:08","guid":{"rendered":"http:\/\/fire.ue.wroc.pl\/?page_id=519"},"modified":"2019-02-28T13:55:49","modified_gmt":"2019-02-28T12:55:49","slug":"dr-inz-piotr-cegielski-2","status":"publish","type":"page","link":"https:\/\/fire.ue.wroc.pl\/?page_id=519","title":{"rendered":"dr in\u017c. Piotr Cegielski"},"content":{"rendered":"<div id=\"pl-519\"  class=\"panel-layout\" ><div id=\"pg-519-0\"  class=\"panel-grid panel-no-style\" ><div id=\"pgc-519-0-0\"  class=\"panel-grid-cell\" ><div id=\"panel-519-0-0-0\" class=\"so-panel widget widget_sow-image panel-first-child panel-last-child\" data-index=\"0\" ><div\n\t\t\t\n\t\t\tclass=\"so-widget-sow-image so-widget-sow-image-default-8b5b6f678277-519\"\n\t\t\t\n\t\t>\n\n<div class=\"sow-image-container\">\n\t\t<img decoding=\"async\" src=\"https:\/\/fire.ue.wroc.pl\/wp-content\/uploads\/2018\/06\/jpegphoto_a792ffeb9590620b1031a48637514c3e.jpg\" width=\"299\" height=\"450\" srcset=\"https:\/\/fire.ue.wroc.pl\/wp-content\/uploads\/2018\/06\/jpegphoto_a792ffeb9590620b1031a48637514c3e.jpg 299w, https:\/\/fire.ue.wroc.pl\/wp-content\/uploads\/2018\/06\/jpegphoto_a792ffeb9590620b1031a48637514c3e-199x300.jpg 199w\" sizes=\"auto, (max-width: 299px) 100vw, 299px\" alt=\"\" loading=\"lazy\" \t\tclass=\"so-widget-image\"\/>\n\t<\/div>\n\n<\/div><\/div><\/div><div id=\"pgc-519-0-1\"  class=\"panel-grid-cell\" ><div id=\"panel-519-0-1-0\" class=\"so-panel widget widget_sow-headline panel-first-child\" data-index=\"1\" ><div class=\"panel-widget-style panel-widget-style-for-519-0-1-0\" ><div\n\t\t\t\n\t\t\tclass=\"so-widget-sow-headline so-widget-sow-headline-default-180968c9f045-519\"\n\t\t\t\n\t\t><div class=\"sow-headline-container \">\n\t\t\t\t\t\t<div class=\"decoration\">\n\t\t\t\t\t\t<div class=\"decoration-inside\"><\/div>\n\t\t\t\t\t<\/div>\n\t\t\t\t\t<h6 class='sow-sub-headline'>Stanowisko:<\/h6><\/div>\n<\/div><\/div><\/div><div id=\"panel-519-0-1-1\" class=\"so-panel widget widget_sow-headline\" data-index=\"2\" ><div\n\t\t\t\n\t\t\tclass=\"so-widget-sow-headline so-widget-sow-headline-default-180968c9f045-519\"\n\t\t\t\n\t\t><div class=\"sow-headline-container \">\n\t\t\t\t\t\t<div class=\"decoration\">\n\t\t\t\t\t\t<div class=\"decoration-inside\"><\/div>\n\t\t\t\t\t<\/div>\n\t\t\t\t\t<h6 class='sow-sub-headline'>Pok\u00f3j:<\/h6><\/div>\n<\/div><\/div><div id=\"panel-519-0-1-2\" class=\"so-panel widget widget_sow-headline\" data-index=\"3\" ><div\n\t\t\t\n\t\t\tclass=\"so-widget-sow-headline so-widget-sow-headline-default-180968c9f045-519\"\n\t\t\t\n\t\t><div class=\"sow-headline-container \">\n\t\t\t\t\t\t<div class=\"decoration\">\n\t\t\t\t\t\t<div class=\"decoration-inside\"><\/div>\n\t\t\t\t\t<\/div>\n\t\t\t\t\t<h6 class='sow-sub-headline'>E-mail:<\/h6><\/div>\n<\/div><\/div><div id=\"panel-519-0-1-3\" class=\"so-panel widget widget_sow-headline\" data-index=\"4\" ><div\n\t\t\t\n\t\t\tclass=\"so-widget-sow-headline so-widget-sow-headline-default-b11a8fb43cd3-519\"\n\t\t\t\n\t\t><div class=\"sow-headline-container \">\n\t\t\t\t\t\t<div class=\"decoration\">\n\t\t\t\t\t\t<div class=\"decoration-inside\"><\/div>\n\t\t\t\t\t<\/div>\n\t\t\t\t\t<h6 class='sow-sub-headline'>Tel.:<\/h6><\/div>\n<\/div><\/div><div id=\"panel-519-0-1-4\" class=\"so-panel widget widget_sow-headline panel-last-child\" data-index=\"5\" ><div\n\t\t\t\n\t\t\tclass=\"so-widget-sow-headline so-widget-sow-headline-default-180968c9f045-519 so-widget-fittext-wrapper\"\n\t\t\t data-fit-text-compressor=\"0.85\"\n\t\t><div class=\"sow-headline-container \">\n\t\t\t\t\t\t<div class=\"decoration\">\n\t\t\t\t\t\t<div class=\"decoration-inside\"><\/div>\n\t\t\t\t\t<\/div>\n\t\t\t\t\t<h6 class='sow-sub-headline'>Konsultacje:<\/h6><\/div>\n<\/div><\/div><\/div><div id=\"pgc-519-0-2\"  class=\"panel-grid-cell\" ><div id=\"panel-519-0-2-0\" class=\"so-panel widget widget_sow-headline panel-first-child\" data-index=\"6\" ><div\n\t\t\t\n\t\t\tclass=\"so-widget-sow-headline so-widget-sow-headline-default-432af716751d-519\"\n\t\t\t\n\t\t><div class=\"sow-headline-container \">\n\t\t\t\t\t\t<div class=\"decoration\">\n\t\t\t\t\t\t<div class=\"decoration-inside\"><\/div>\n\t\t\t\t\t<\/div>\n\t\t\t\t\t<h6 class='sow-sub-headline'>Adiunkt<\/h6><\/div>\n<\/div><\/div><div id=\"panel-519-0-2-1\" class=\"so-panel widget widget_sow-headline\" data-index=\"7\" ><div\n\t\t\t\n\t\t\tclass=\"so-widget-sow-headline so-widget-sow-headline-default-432af716751d-519\"\n\t\t\t\n\t\t><div class=\"sow-headline-container \">\n\t\t\t\t\t\t<div class=\"decoration\">\n\t\t\t\t\t\t<div class=\"decoration-inside\"><\/div>\n\t\t\t\t\t<\/div>\n\t\t\t\t\t<h6 class='sow-sub-headline'>bud. Z, pok. 423<\/h6><\/div>\n<\/div><\/div><div id=\"panel-519-0-2-2\" class=\"so-panel widget widget_sow-headline\" data-index=\"8\" ><div\n\t\t\t\n\t\t\tclass=\"so-widget-sow-headline so-widget-sow-headline-default-432af716751d-519\"\n\t\t\t\n\t\t><div class=\"sow-headline-container \">\n\t\t\t\t\t\t<div class=\"decoration\">\n\t\t\t\t\t\t<div class=\"decoration-inside\"><\/div>\n\t\t\t\t\t<\/div>\n\t\t\t\t\t<h6 class='sow-sub-headline'>piotr.cegielski@ue.wroc.pl<\/h6><\/div>\n<\/div><\/div><div id=\"panel-519-0-2-3\" class=\"so-panel widget widget_sow-headline\" data-index=\"9\" ><div\n\t\t\t\n\t\t\tclass=\"so-widget-sow-headline so-widget-sow-headline-default-432af716751d-519\"\n\t\t\t\n\t\t><div class=\"sow-headline-container \">\n\t\t\t\t\t\t<div class=\"decoration\">\n\t\t\t\t\t\t<div class=\"decoration-inside\"><\/div>\n\t\t\t\t\t<\/div>\n\t\t\t\t\t<h6 class='sow-sub-headline'>71 36 80 731<\/h6><\/div>\n<\/div><\/div><div id=\"panel-519-0-2-4\" class=\"so-panel widget widget_sow-headline panel-last-child\" data-index=\"10\" ><div\n\t\t\t\n\t\t\tclass=\"so-widget-sow-headline so-widget-sow-headline-default-432af716751d-519\"\n\t\t\t\n\t\t><div class=\"sow-headline-container \">\n\t\t\t\t\t\t<div class=\"decoration\">\n\t\t\t\t\t\t<div class=\"decoration-inside\"><\/div>\n\t\t\t\t\t<\/div>\n\t\t\t\t\t<h6 class='sow-sub-headline'>czw, 13:15 - 14:45, 423 Z<\/h6><\/div>\n<\/div><\/div><\/div><\/div><div id=\"pg-519-1\"  class=\"panel-grid panel-has-style\" ><div class=\"panel-row-style panel-row-style-for-519-1\" ><div id=\"pgc-519-1-0\"  class=\"panel-grid-cell\" ><div id=\"panel-519-1-0-0\" class=\"so-panel widget widget_sow-editor panel-first-child\" data-index=\"11\" ><div\n\t\t\t\n\t\t\tclass=\"so-widget-sow-editor so-widget-sow-editor-base\"\n\t\t\t\n\t\t>\n<div class=\"siteorigin-widget-tinymce textwidget\">\n\t<h4 class=\"collapseomatic \" id=\"id69f71f48a3b34\"  tabindex=\"0\" title=\"Tytu\u0142y i stopnie zawodowe i naukowe\"    >Tytu\u0142y i stopnie zawodowe i naukowe<\/h4><div id=\"target-id69f71f48a3b34\" class=\"collapseomatic_content \"><br \/>\n\u2022\tdoktor nauk ekonomicznych, dyscyplina: Finanse (Uniwersytet Ekonomiczny we Wroc\u0142awiu);<br \/>\n\u2022\tmagister in\u017cynier budownictwa, specjalno\u015b\u0107: Teoria konstrukcji  (Politechnika Wroc\u0142awska);<br \/>\n\u2022\tmagister zarz\u0105dzania MBA (Akademia Ekonomiczna we Wroc\u0142awiu);<br \/>\n\u2022\tmagister nauk w specjalno\u015bci \u201eProperty Appraisal and Management\u201d (Sheffield Hallam University).  <\/p>\n<p><\/div>\n<\/div>\n<\/div><\/div><div id=\"panel-519-1-0-1\" class=\"so-panel widget widget_sow-editor\" data-index=\"12\" ><div\n\t\t\t\n\t\t\tclass=\"so-widget-sow-editor so-widget-sow-editor-base\"\n\t\t\t\n\t\t>\n<div class=\"siteorigin-widget-tinymce textwidget\">\n\t<h4 class=\"collapseomatic \" id=\"id69f71f48a3c1c\"  tabindex=\"0\" title=\"Certyfikaty oraz uprawnienia i licencje zawodowe\"    >Certyfikaty oraz uprawnienia i licencje zawodowe<\/h4><div id=\"target-id69f71f48a3c1c\" class=\"collapseomatic_content \"><br \/>\n\u2022\tuprawnienia doradcy inwestycyjnego (licencja nr 449 wydana przez Komisj\u0119 Nadzoru Finansowego)<br \/>\n\u2022\tuprawnienia rzeczoznawcy maj\u0105tkowego (upr. nr 829 nadane przez Ministra Gospodarki Przestrzennej i Budownictwa)<br \/>\n\u2022\tThe Appraisal Institute:          \t\tMAI  - Master of Appraisal Institute<br \/>\n\u2022\tRoyal Institution of Chartered Surveyors:    \tCVS  - Chartered Valuation Surveyor<br \/>\n\u2022\tThe European Group of Valuers\u2019 Associations: REV  - Recognized European Valuer  <\/p>\n<p><\/div>\n<\/div>\n<\/div><\/div><div id=\"panel-519-1-0-2\" class=\"so-panel widget widget_sow-editor\" data-index=\"13\" ><div\n\t\t\t\n\t\t\tclass=\"so-widget-sow-editor so-widget-sow-editor-base\"\n\t\t\t\n\t\t>\n<div class=\"siteorigin-widget-tinymce textwidget\">\n\t<h4 class=\"collapseomatic \" id=\"id69f71f48a3ccc\"  tabindex=\"0\" title=\"Cz\u0142onkostwo w organizacjach zawodowych\"    >Cz\u0142onkostwo w organizacjach zawodowych<\/h4><div id=\"target-id69f71f48a3ccc\" class=\"collapseomatic_content \"><br \/>\n\u2022\tcz\u0142onek za\u0142o\u017cyciel Stowarzyszenia Bieg\u0142ych Wyceny Przedsi\u0119biorstw w Polsce;<br \/>\n\u2022\tcz\u0142onek Zwi\u0105zku Makler\u00f3w i Doradc\u00f3w;<br \/>\n\u2022\tcz\u0142onek Stowarzyszenia Rzeczoznawc\u00f3w Maj\u0105tkowych we Wroc\u0142awiu;<br \/>\n\u2022\tcz\u0142onek Appraisal Institute (Chicago, USA);<br \/>\n\u2022\tcz\u0142onek Royal Institution of Chartered Surveyors (United Kingdom);<br \/>\n\u2022\tcz\u0142onek CCIM Institute (Chicago, USA).  <\/p>\n<p><\/div>\n<\/div>\n<\/div><\/div><div id=\"panel-519-1-0-3\" class=\"so-panel widget widget_sow-editor\" data-index=\"14\" ><div\n\t\t\t\n\t\t\tclass=\"so-widget-sow-editor so-widget-sow-editor-base\"\n\t\t\t\n\t\t>\n<div class=\"siteorigin-widget-tinymce textwidget\">\n\t<h4 class=\"collapseomatic \" id=\"id69f71f48a3d6e\"  tabindex=\"0\" title=\"Prowadzone przedmioty\"    >Prowadzone przedmioty<\/h4><div id=\"target-id69f71f48a3d6e\" class=\"collapseomatic_content \"><br \/>\n\u2022\tMatematyka finansowa<br \/>\n\u2022\tInstrumenty finansowe<br \/>\n\u2022\tPortfel inwestycyjny<br \/>\n\u2022\tPodstawy wyceny nieruchomo\u015bci<br \/>\n\u2022\tWycena nieruchomo\u015bci komercyjnych<br \/>\n\u2022\tReal Estate Markets<\/p>\n<p><\/div>\n<\/div>\n<\/div><\/div><div id=\"panel-519-1-0-4\" class=\"so-panel widget widget_sow-editor panel-last-child\" data-index=\"15\" ><div\n\t\t\t\n\t\t\tclass=\"so-widget-sow-editor so-widget-sow-editor-base\"\n\t\t\t\n\t\t>\n<div class=\"siteorigin-widget-tinymce textwidget\">\n\t<h4 class=\"collapseomatic \" id=\"id69f71f48a3e56\"  tabindex=\"0\" title=\"Publikacje i wyst\u0105pienia\"    >Publikacje i wyst\u0105pienia<\/h4><div id=\"target-id69f71f48a3e56\" class=\"collapseomatic_content \"><br \/>\nCegielski P.: Przyk\u0142ad alternatywnej techniki analizy statystycznej rynku \u2013 cz\u0119\u015b\u0107 1. \u201eRzeczoznawca Maj\u0105tkowy\u201d nr 20. Polska Federacja Stowarzysze\u0144 Rzeczoznawc\u00f3w Maj\u0105tkowych. Warszawa 1999.<\/p>\n<p>Cegielski P.: Przyk\u0142ad alternatywnej techniki analizy statystycznej rynku \u2013 cz\u0119\u015b\u0107 2. \u201eRzeczoznawca Maj\u0105tkowy\u201d nr 21, Polska Federacja Stowarzysze\u0144 Rzeczoznawc\u00f3w Maj\u0105tkowych. Warszawa 1999.<\/p>\n<p>Cegielski P.: Technika kapitalizacji prostej \u2013 czy rzeczywi\u015bcie jest prosta. \u201eRzeczoznawca Maj\u0105tkowy\u201d nr 28, Polska Federacja Stowarzysze\u0144 Rzeczoznawc\u00f3w Maj\u0105tkowych. Warszawa 2001.<\/p>\n<p>Cegielski P.: Analiza st\u00f3p zwrotu z inwestycji w nieruchomo\u015bci gruntowe na przyk\u0142adzie Bielan Wroc\u0142awskich. Materia\u0142y konferencyjne: Bariery rozwoju rynku nieruchomo\u015bci,  Uniwersytet \u0141\u00f3dzki, \u0141\u00f3d\u017a 2001.<\/p>\n<p>Cegielski P.: Zastosowanie powierzchniowych funkcji kszta\u0142tu w wycenie nieruchomo\u015bci. \u201eRzeczoznawca Maj\u0105tkowy\u201d nr 31, Polska Federacja Stowarzysze\u0144 Rzeczoznawc\u00f3w Maj\u0105tkowych. Warszawa 2001.<\/p>\n<p>Cegielski P.: Metodologia wyznaczania oczekiwanych st\u00f3p zwrotu z inwestycji w nieruchomo\u015bci w oparciu o analiz\u0119 rentowno\u015bci inwestycji w nieruchomo\u015bci o innej funkcji. Materia\u0142y konferencyjne: Inwestycje i gospodarowanie nieruchomo\u015bciami.  Akademia Ekonomiczna w Krakowie. Krak\u00f3w 2003.<\/p>\n<p>Cegielski P.: Wyznaczanie wag cech por\u00f3wnawczych w wycenie nieruchomo\u015bci. \u201eRzeczoznawca Maj\u0105tkowy\u201d nr 33, Polska Federacja Stowarzysze\u0144 Rzeczoznawc\u00f3w Maj\u0105tkowych. Warszawa 2001.<\/p>\n<p>Cegielski P.: Stopa dyskontowa jako wynik analizy st\u00f3p zwrotu, \u201eRzeczoznawca Maj\u0105tkowy\u201d nr 36, Polska Federacja Stowarzysze\u0144 Rzeczoznawc\u00f3w Maj\u0105tkowych. Warszawa 2001.<\/p>\n<p>Cegielski P., Jajuga K.: Wyznaczanie stopy dyskontowej i stopy kapitalizacji, \u201eRzeczoznawca Maj\u0105tkowy\u201d nr 39, Polska Federacja Stowarzysze\u0144 Rzeczoznawc\u00f3w Maj\u0105tkowych. Warszawa 2001.<\/p>\n<p>Cegielski P., Jajuga K.: Wyznaczanie stopy dyskontowej na potrzeby wyceny warto\u015bci rynkowej nieruchomo\u015bci. Zeszyt Hipoteczny nr 18. Fundacja na Rzecz Kredytu Hipotecznego. Warszawa 2003.<\/p>\n<p>Cegielski P., Jajuga K.: Stopa dyskontowa w wycenie nieruchomo\u015bci podej\u015bciem dochodowym. \u201eNieruchomo\u015bci\u201d nr 9, 10 i 11 z 2003 r. oraz nr 2 i 3 z 2004 r. C. H. Beck. Warszawa 2003 \u2013 2004. <\/p>\n<p>Cegielski P.: Czym jest metoda korygowania ceny \u015bredniej. \u201eRzeczoznawca Maj\u0105tkowy\u201d nr 45, Polska Federacja Stowarzysze\u0144 Rzeczoznawc\u00f3w Maj\u0105tkowych. Warszawa 2005.<\/p>\n<p>Cegielski P.: Efektywno\u015b\u0107 egzekucji komorniczej z nieruchomo\u015bci w aspekcie warto\u015bci rynkowej szacowanej dla potrzeb hipotecznych zabezpiecze\u0144 wierzytelno\u015bci kredytowych. Finansowanie Nieruchomo\u015bci, Zeszyt Nr 9. Wyd. Centrum Prawa Bankowego i Informacji Sp\u00f3\u0142ka z o.o. Warszawa, 2006.<\/p>\n<p>Cegielski P.: Zastosowanie dwumianowego modelu wyceny opcji na rynku nieruchomo\u015bci. Finansowanie Nieruchomo\u015bci, Zeszyt Nr 28. Wyd. Centrum Prawa Bankowego i Informacji Sp\u00f3\u0142ka z o.o. Warszawa 2011.<\/p>\n<p>Cegielski P.: Wycena nieruchomo\u015bci komercyjnych, cz\u0119\u015b\u0107 1 \u2013 stopa procentowa i stopa zwrotu, \u201eNieruchomo\u015bci\u201d nr 9 z 2011 r., Wyd. C.H.Beck, Warszawa 2011.<\/p>\n<p>Cegielski P.: Wycena nieruchomo\u015bci komercyjnych, cz\u0119\u015b\u0107 2 \u2013 stopa dyskontowa, \u201eNieruchomo\u015bci\u201d nr 10 z 2011 r., Wyd. C.H.Beck, Warszawa 2011.<\/p>\n<p>Cegielski P.: Wycena nieruchomo\u015bci komercyjnych, cz\u0119\u015b\u0107 3 \u2013 stopa kapitalizacji, \u201eNieruchomo\u015bci\u201d nr 11 z 2011 r., Wyd. C.H.Beck, Warszawa 2011.<\/p>\n<p>Cegielski P.: Wycena nieruchomo\u015bci komercyjnych, cz. 4 \u2013 metody wyceny, \u201eNieruchomo\u015bci\u201d nr 9 z 2011 r., Wyd. C.H.Beck, Warszawa 2011.<\/p>\n<p>Cegielski P.: Tworzenie oraz wycena portfela nieruchomo\u015bci, cz\u0119\u015b\u0107 1. Biuletyn Stowarzyszenia Rzeczoznawc\u00f3w Maj\u0105tkowych Wojew\u00f3dztwa Wielkopolskiego, wrzesie\u0144, Zeszyt Nr 29. Pozna\u0144 2011<\/p>\n<p>Cegielski P.: Tworzenie oraz wycena portfela nieruchomo\u015bci, cz\u0119\u015b\u0107 2. Biuletyn Stowarzyszenia Rzeczoznawc\u00f3w Maj\u0105tkowych Wojew\u00f3dztwa Wielkopolskiego, wrzesie\u0144, Zeszyt Nr 30. Pozna\u0144 2011<\/p>\n<p>Cegielski P., Makowska A.: Zastosowanie modeli wyceny opcji w wycenie um\u00f3w najmu. Inwestycje i nieruchomo\u015bci w warunkach zr\u00f3wnowa\u017conego rozwoju. Wybrane problemy. Wyd. Uniwersytetu Gda\u0144skiego. Sopot 2014.<\/p>\n<p>Cegielski P.: Wsp\u00f3\u0142czynnik dezinformacji R2. Problemy rynku nieruchomo\u015bci Nr 1\/2016 (45). Wyd. Stowarzyszenie Rzeczoznawc\u00f3w Maj\u0105tkowych Wojew\u00f3dztwa Wielkopolskiego. Pozna\u0144 2016. <\/p>\n<p>Cegielski Piotr, Nieruchomo\u015bci i inwestycje. Aspekty globalne i lokalne, Wieliczka, 20-22 wrze\u015bnia 2017, Posta\u0107 funkcyjna modelu wyceny grunt\u00f3w deweloperskich w podej\u015bciu por\u00f3wnawczym;<\/p>\n<p>Cegielski Piotr, Makowska Anita, European Conference on Data Analysis, Wroc\u0142awm 27-29 wrze\u015bnia 2017, Analysis of the functional form of the real estate market value model;<\/p>\n<p>Cegielski Piotr, Nieruchomo\u015b\u0107 w przestrzeni 3, Pozna\u0144, 19-20 pa\u017adziernika 2017, Analiza wybranych postaci funkcyjnych metody por\u00f3wnywania parami;<\/p>\n<p>Cegielski Piotr, XIV Kongres Finansowania Nieruchomo\u015bci Mieszkaniowych, J\u00f3zef\u00f3w k. Warszawy, 30 listopada-1 grudnia 2017 (bez referatu)<\/p>\n<p><\/div>\n<\/div>\n<\/div><\/div><\/div><\/div><\/div><\/div>","protected":false},"excerpt":{"rendered":"<p>Stanowisko: Pok\u00f3j: E-mail: Tel.: Konsultacje: Adiunkt bud. Z, pok. 423 piotr.cegielski@ue.wroc.pl 71 36 80 731 czw, 13:15 &#8211; 14:45, 423 Z Tytu\u0142y i stopnie zawodowe i naukowe \u2022 doktor nauk&#8230; <\/p>\n","protected":false},"author":1,"featured_media":0,"parent":0,"menu_order":0,"comment_status":"closed","ping_status":"closed","template":"","meta":{"footnotes":""},"class_list":["post-519","page","type-page","status-publish","hentry"],"_links":{"self":[{"href":"https:\/\/fire.ue.wroc.pl\/index.php?rest_route=\/wp\/v2\/pages\/519","targetHints":{"allow":["GET"]}}],"collection":[{"href":"https:\/\/fire.ue.wroc.pl\/index.php?rest_route=\/wp\/v2\/pages"}],"about":[{"href":"https:\/\/fire.ue.wroc.pl\/index.php?rest_route=\/wp\/v2\/types\/page"}],"author":[{"embeddable":true,"href":"https:\/\/fire.ue.wroc.pl\/index.php?rest_route=\/wp\/v2\/users\/1"}],"replies":[{"embeddable":true,"href":"https:\/\/fire.ue.wroc.pl\/index.php?rest_route=%2Fwp%2Fv2%2Fcomments&post=519"}],"version-history":[{"count":27,"href":"https:\/\/fire.ue.wroc.pl\/index.php?rest_route=\/wp\/v2\/pages\/519\/revisions"}],"predecessor-version":[{"id":570,"href":"https:\/\/fire.ue.wroc.pl\/index.php?rest_route=\/wp\/v2\/pages\/519\/revisions\/570"}],"wp:attachment":[{"href":"https:\/\/fire.ue.wroc.pl\/index.php?rest_route=%2Fwp%2Fv2%2Fmedia&parent=519"}],"curies":[{"name":"wp","href":"https:\/\/api.w.org\/{rel}","templated":true}]}}